{"id":132,"date":"2018-02-18T10:40:00","date_gmt":"2018-02-18T10:40:00","guid":{"rendered":"http:\/\/www.therapie-jesteburg.de\/Thewpr\/?page_id=132"},"modified":"2020-04-14T09:08:33","modified_gmt":"2020-04-14T09:08:33","slug":"bilder-und-impressum","status":"publish","type":"page","link":"https:\/\/www.therapie-jesteburg.de\/Thewpr\/?page_id=132","title":{"rendered":"Impressum"},"content":{"rendered":"<p><strong>Angaben gem\u00e4\u00df \u00a7 5 TMG:<\/strong><br \/>\nManuela Versemann<br \/>\nNaturheilpraxis f\u00fcr Psychotherapie und Entspannungstraining<br \/>\nBr\u00fcckenstra\u00dfe 25<br \/>\n21266 Jesteburg<br \/>\nKontakt:<br \/>\nTelefon: 0172-2870010<br \/>\nTelefax: 04183-775655<br \/>\nE-Mail: m.versemann@therapie-jesteburg.de<br \/>\n<strong>Streitschlichtung<\/strong><br \/>\nDie Europ\u00e4ische Kommission stellt eine Plattform zur Online-Streitbeilegung (OS) bereit:<br \/>\nhttps:\/\/ec.europa.eu\/consumers\/odr<br \/>\nUnsere E-Mail-Adresse finden Sie oben im Impressum.<br \/>\nWir sind nicht bereit oder verpflichtet, an Streitbeilegungsverfahren vor einer<br \/>\nVerbraucherschlichtungsstelle teilzunehmen.<br \/>\n<strong>Haftung f\u00fcr Inhalte<\/strong><br \/>\nAls Diensteanbieter sind wir gem\u00e4\u00df \u00a7 7 Abs.1 TMG f\u00fcr eigene Inhalte auf diesen Seiten nach den<br \/>\nallgemeinen Gesetzen verantwortlich. Nach \u00a7\u00a7 8 bis 10 TMG sind wir als Diensteanbieter jedoch nicht<br \/>\nverpflichtet, \u00fcbermittelte oder gespeicherte fremde Informationen zu \u00fcberwachen oder nach Umst\u00e4nden<br \/>\nzu forschen, die auf eine rechtswidrige T\u00e4tigkeit hinweisen.<br \/>\nVerpflichtungen zur Entfernung oder Sperrung der Nutzung von Informationen nach den allgemeinen<br \/>\nGesetzen bleiben hiervon unber\u00fchrt. Eine diesbez\u00fcgliche Haftung ist jedoch erst ab dem Zeitpunkt der<br \/>\nKenntnis einer konkreten Rechtsverletzung m\u00f6glich. Bei Bekanntwerden von entsprechenden<br \/>\nRechtsverletzungen werden wir diese Inhalte umgehend entfernen.<br \/>\n<strong>Haftung f\u00fcr Links<\/strong><br \/>\nUnser Angebot enth\u00e4lt Links zu externen Websites Dritter, auf deren Inhalte wir keinen Einfluss haben.<br \/>\nDeshalb k\u00f6nnen wir f\u00fcr diese fremden Inhalte auch keine Gew\u00e4hr \u00fcbernehmen. F\u00fcr die Inhalte der<br \/>\nverlinkten Seiten ist stets der jeweilige Anbieter oder Betreiber der Seiten verantwortlich. Die verlinkten<br \/>\nSeiten wurden zum Zeitpunkt der Verlinkung auf m\u00f6gliche Rechtsverst\u00f6\u00dfe \u00fcberpr\u00fcft. Rechtswidrige<br \/>\nInhalte waren zum Zeitpunkt der Verlinkung nicht erkennbar.<br \/>\nEine permanente inhaltliche Kontrolle der verlinkten Seiten ist jedoch ohne konkrete Anhaltspunkte einer<br \/>\nRechtsverletzung nicht zumutbar. Bei Bekanntwerden von Rechtsverletzungen werden wir derartige Links<br \/>\numgehend entfernen.<br \/>\n<strong>Urheberrecht<\/strong><br \/>\nDie durch die Seitenbetreiber erstellten Inhalte und Werke auf diesen Seiten unterliegen dem deutschen<br \/>\nUrheberrecht. Die Vervielf\u00e4ltigung, Bearbeitung, Verbreitung und jede Art der Verwertung au\u00dferhalb der<br \/>\nGrenzen des Urheberrechtes bed\u00fcrfen der schriftlichen Zustimmung des jeweiligen Autors bzw.<br \/>\nErstellers. Downloads und Kopien dieser Seite sind nur f\u00fcr den privaten, nicht kommerziellen Gebrauch<br \/>\ngestattet.<br \/>\nSoweit die Inhalte auf dieser Seite nicht vom Betreiber erstellt wurden, werden die Urheberrechte Dritter<br \/>\nbeachtet. Insbesondere werden Inhalte Dritter als solche gekennzeichnet. Sollten Sie trotzdem auf eine<br \/>\nUrheberrechtsverletzung aufmerksam werden, bitten wir um einen entsprechenden Hinweis. Bei<br \/>\nBekanntwerden von Rechtsverletzungen werden wir derartige Inhalte umgehend entfernen.<br \/>\nQuelle: https:\/\/www.e-recht24.de\/impressum-generator.html<\/p>\n<h3><strong>Datenschutzerkl\u00e4rung<\/strong><\/h3>\n<p><strong>Datenschutz<\/strong><br \/>\nDie Betreiber dieser Seiten nehmen den Schutz Ihrer pers\u00f6nlichen Daten sehr ernst. Wir behandeln Ihre<br \/>\npersonenbezogenen Daten vertraulich und entsprechend der gesetzlichen Datenschutzvorschriften sowie<br \/>\ndieser Datenschutzerkl\u00e4rung.<br \/>\nDie Nutzung unserer Website ist in der Regel ohne Angabe personenbezogener Daten m\u00f6glich. Soweit<br \/>\nauf unseren Seiten personenbezogene Daten (beispielsweise Name, Anschrift oder E-Mail-Adressen)<br \/>\nerhoben werden, erfolgt dies, soweit m\u00f6glich, stets auf freiwilliger Basis. Diese Daten werden ohne Ihre<br \/>\nausdr\u00fcckliche Zustimmung nicht an Dritte weitergegeben.<br \/>\nWir weisen darauf hin, dass die Daten\u00fcbertragung im Internet (z.B. bei der Kommunikation per E-Mail)<br \/>\nSicherheitsl\u00fccken aufweisen kann. Ein l\u00fcckenloser Schutz der Daten vor dem Zugriff durch Dritte ist nicht<br \/>\nm\u00f6glich.<br \/>\n<strong>Cookies<\/strong><br \/>\nDie Internetseiten verwenden teilweise so genannte Cookies. Cookies richten auf Ihrem Rechner keinen<br \/>\nSchaden an und enthalten keine Viren. Cookies dienen dazu, unser Angebot nutzerfreundlicher, effektiver<br \/>\nund sicherer zu machen. Cookies sind kleine Textdateien, die auf Ihrem Rechner abgelegt werden und<br \/>\ndie Ihr Browser speichert.<br \/>\nDie meisten der von uns verwendeten Cookies sind so genannte \u201eSession-Cookies\u201c. Sie werden nach<br \/>\nEnde Ihres Besuchs automatisch gel\u00f6scht. Andere Cookies bleiben auf Ihrem Endger\u00e4t gespeichert, bis<br \/>\nSie diese l\u00f6schen. Diese Cookies erm\u00f6glichen es uns, Ihren Browser beim n\u00e4chsten Besuch<br \/>\nwiederzuerkennen.<br \/>\nSie k\u00f6nnen Ihren Browser so einstellen, dass Sie \u00fcber das Setzen von Cookies informiert werden und<br \/>\nCookies nur im Einzelfall erlauben, die Annahme von Cookies f\u00fcr bestimmte F\u00e4lle oder generell<br \/>\nausschlie\u00dfen sowie das automatische L\u00f6schen der Cookies beim Schlie\u00dfen des Browser aktivieren. Bei<br \/>\nder Deaktivierung von Cookies kann die Funktionalit\u00e4t dieser Website eingeschr\u00e4nkt sein.<br \/>\nServer-Log-Files<br \/>\nDer Provider der Seiten erhebt und speichert automatisch Informationen in so genannten Server-Log<br \/>\nFiles, die Ihr Browser automatisch an uns \u00fcbermittelt. Dies sind:<br \/>\nBrowsertyp und Browserversion<br \/>\nverwendetes Betriebssystem<br \/>\nReferrer URL<br \/>\nHostname des zugreifenden Rechners<br \/>\nUhrzeit der Serveranfrage<br \/>\nDiese Daten sind nicht bestimmten Personen zuordenbar. Eine Zusammenf\u00fchrung dieser Daten mit<br \/>\nanderen Datenquellen wird nicht vorgenommen. Wir behalten uns vor, diese Daten nachtr\u00e4glich zu<br \/>\npr\u00fcfen, wenn uns konkrete Anhaltspunkte f\u00fcr eine rechtswidrige Nutzung bekannt werden.<br \/>\n<strong>Google Analytics<\/strong><br \/>\nDiese Website nutzt Funktionen des Webanalysedienstes Google Analytics. Anbieter ist die Google Inc.,<br \/>\n1600 Amphitheatre Parkway Mountain View, CA 94043, USA.<br \/>\nGoogle Analytics verwendet so genannte &#8222;Cookies&#8220;. Das sind Textdateien, die auf Ihrem Computer<br \/>\ngespeichert werden und die eine Analyse der Benutzung der Website durch Sie erm\u00f6glichen. Die durch<br \/>\nden Cookie erzeugten Informationen \u00fcber Ihre Benutzung dieser Website werden in der Regel an einen<br \/>\nServer von Google in den USA \u00fcbertragen und dort gespeichert.<br \/>\n<strong>Browser Plugin<\/strong><br \/>\nSie k\u00f6nnen die Speicherung der Cookies durch eine entsprechende Einstellung Ihrer Browser-Software<br \/>\nverhindern; wir weisen Sie jedoch darauf hin, dass Sie in diesem Fall gegebenenfalls nicht s\u00e4mtliche<br \/>\nFunktionen dieser Website vollumf\u00e4nglich werden nutzen k\u00f6nnen. Sie k\u00f6nnen dar\u00fcber hinaus die<br \/>\nErfassung der durch den Cookie erzeugten und auf Ihre Nutzung der Website bezogenen Daten (inkl.<br \/>\nIhrer IP-Adresse) an Google sowie die Verarbeitung dieser Daten durch Google verhindern, indem Sie<br \/>\ndas unter dem folgenden Link verf\u00fcgbare Browser-Plugin herunterladen und installieren:<br \/>\nhttps:\/\/tools.google.com\/dlpage\/gaoptout?hl=de<br \/>\n<strong>Widerspruch gegen Datenerfassung<\/strong><br \/>\nSie k\u00f6nnen die Erfassung Ihrer Daten durch Google Analytics verhindern, indem Sie auf folgenden Link<br \/>\nklicken. Es wird ein Opt-Out-Cookie gesetzt, der die Erfassung Ihrer Daten bei zuk\u00fcnftigen Besuchen<br \/>\ndieser Website verhindert: Google Analytics deaktivieren<br \/>\nMehr Informationen zum Umgang mit Nutzerdaten bei Google Analytics finden Sie in der<br \/>\nDatenschutzerkl\u00e4rung von Google: https:\/\/support.google.com\/analytics\/answer\/6004245?hl=de<br \/>\n<strong>SSL-Verschl\u00fcsselung<\/strong><br \/>\nDiese Seite nutzt aus Gr\u00fcnden der Sicherheit und zum Schutz der \u00dcbertragung vertraulicher Inhalte, wie<br \/>\nzum Beispiel der Anfragen, die Sie an uns als Seitenbetreiber senden, eine SSL-Verschl\u00fcsselung. Eine<br \/>\nverschl\u00fcsselte Verbindung erkennen Sie daran, dass die Adresszeile des Browsers von &#8222;http:\/\/&#8220; auf<br \/>\n&#8222;https:\/\/&#8220; wechselt und an dem Schloss-Symbol in Ihrer Browserzeile.<br \/>\nWenn die SSL Verschl\u00fcsselung aktiviert ist, k\u00f6nnen die Daten, die Sie an uns \u00fcbermitteln, nicht von<br \/>\nDritten mitgelesen werden.<br \/>\n<strong>Widerspruch Werbe-Mails<\/strong><br \/>\nDer Nutzung von im Rahmen der Impressumspflicht ver\u00f6ffentlichten Kontaktdaten zur \u00dcbersendung von<br \/>\nnicht ausdr\u00fccklich angeforderter Werbung und Informationsmaterialien wird hiermit widersprochen. Die<br \/>\nBetreiber der Seiten behalten sich ausdr\u00fccklich rechtliche Schritte im Falle der unverlangten Zusendung<br \/>\nvon Werbeinformationen, etwa durch Spam-E-Mails, vor.<br \/>\nQuelle: https:\/\/www.e-recht24.de<\/p>\n","protected":false},"excerpt":{"rendered":"<p>Angaben gem\u00e4\u00df \u00a7 5 TMG: Manuela Versemann Naturheilpraxis f\u00fcr Psychotherapie und Entspannungstraining Br\u00fcckenstra\u00dfe 25 21266 Jesteburg Kontakt: Telefon: 0172-2870010 Telefax: 04183-775655 E-Mail: m.versemann@therapie-jesteburg.de Streitschlichtung Die Europ\u00e4ische Kommission stellt eine Plattform zur Online-Streitbeilegung (OS) bereit: https:\/\/ec.europa.eu\/consumers\/odr Unsere E-Mail-Adresse finden Sie oben im Impressum. Wir sind nicht bereit oder verpflichtet, an Streitbeilegungsverfahren vor einer Verbraucherschlichtungsstelle teilzunehmen. Haftung &hellip;<\/p>\n<p class=\"read-more\"> <a class=\"\" href=\"https:\/\/www.therapie-jesteburg.de\/Thewpr\/?page_id=132\"> <span class=\"screen-reader-text\">Impressum<\/span> Weiterlesen &raquo;<\/a><\/p>\n","protected":false},"author":1,"featured_media":0,"parent":0,"menu_order":0,"comment_status":"closed","ping_status":"closed","template":"","meta":{"footnotes":""},"class_list":["post-132","page","type-page","status-publish","hentry"],"_links":{"self":[{"href":"https:\/\/www.therapie-jesteburg.de\/Thewpr\/index.php?rest_route=\/wp\/v2\/pages\/132","targetHints":{"allow":["GET"]}}],"collection":[{"href":"https:\/\/www.therapie-jesteburg.de\/Thewpr\/index.php?rest_route=\/wp\/v2\/pages"}],"about":[{"href":"https:\/\/www.therapie-jesteburg.de\/Thewpr\/index.php?rest_route=\/wp\/v2\/types\/page"}],"author":[{"embeddable":true,"href":"https:\/\/www.therapie-jesteburg.de\/Thewpr\/index.php?rest_route=\/wp\/v2\/users\/1"}],"replies":[{"embeddable":true,"href":"https:\/\/www.therapie-jesteburg.de\/Thewpr\/index.php?rest_route=%2Fwp%2Fv2%2Fcomments&post=132"}],"version-history":[{"count":8,"href":"https:\/\/www.therapie-jesteburg.de\/Thewpr\/index.php?rest_route=\/wp\/v2\/pages\/132\/revisions"}],"predecessor-version":[{"id":674,"href":"https:\/\/www.therapie-jesteburg.de\/Thewpr\/index.php?rest_route=\/wp\/v2\/pages\/132\/revisions\/674"}],"wp:attachment":[{"href":"https:\/\/www.therapie-jesteburg.de\/Thewpr\/index.php?rest_route=%2Fwp%2Fv2%2Fmedia&parent=132"}],"curies":[{"name":"wp","href":"https:\/\/api.w.org\/{rel}","templated":true}]}}