{"id":24,"date":"2018-02-13T20:54:45","date_gmt":"2018-02-13T20:54:45","guid":{"rendered":"http:\/\/www.therapie-jesteburg.de\/Thewpr\/?page_id=24"},"modified":"2018-03-27T07:38:36","modified_gmt":"2018-03-27T07:38:36","slug":"entspannungstraining-verhaltenstherapie","status":"publish","type":"page","link":"https:\/\/www.therapie-jesteburg.de\/Thewpr\/?page_id=24","title":{"rendered":"Wo geht`s lang?"},"content":{"rendered":"<p><img loading=\"lazy\" decoding=\"async\" class=\"alignright wp-image-534\" src=\"http:\/\/www.therapie-jesteburg.de\/Thewpr\/wp-content\/uploads\/2018\/03\/willkommen-1-150x150.jpg\" alt=\"\" width=\"430\" height=\"573\" srcset=\"https:\/\/www.therapie-jesteburg.de\/Thewpr\/wp-content\/uploads\/2018\/03\/willkommen-1-225x300.jpg 225w, https:\/\/www.therapie-jesteburg.de\/Thewpr\/wp-content\/uploads\/2018\/03\/willkommen-1-768x1024.jpg 768w, https:\/\/www.therapie-jesteburg.de\/Thewpr\/wp-content\/uploads\/2018\/03\/willkommen-1.jpg 1920w\" sizes=\"auto, (max-width: 430px) 100vw, 430px\" \/>Manuela Versemann<br \/>\nBr\u00fcckenstra\u00dfe 25<br \/>\n21266 Jesteburg<br \/>\nTelefon 0172-2870010<br \/>\n<span style=\"font-size: 16px;\">m.versemann@therapie-jesteburg.de<\/span><\/p>\n<p>&nbsp;<\/p>\n<p><a href=\"https:\/\/www.google.de\/maps\/place\/Praxis+f%C3%BCr+naturheilkundliche+Psychotherapie:+Manuela+Versemann\/@53.3042258,9.9541041,17.25z\/data=!4m8!1m2!2m1!1smanuela+versemann!3m4!1s0x0:0x2e513015c1a34c01!8m2!3d53.3041599!4d9.9543898\" target=\"_blank\" rel=\"noopener\">Klicken Sie hier f\u00fcr eine Kartenansicht<\/a><\/p>\n<p>&nbsp;<\/p>\n<p>&nbsp;<\/p>\n<p>Parkpl\u00e4tze sind rund\u00a0um das Geb\u00e4ude vorhanden.<br \/>\nBushaltestellen sind direkt gegen\u00fcber bzw. 100 m entfernt.<\/p>\n<p>Der Praxiseingang ist auf der Geb\u00e4uder\u00fcckseite \u00fcber vier<br \/>\nTreppenstufen zu erreichen.<\/p>\n<p>&nbsp;<\/p>\n<p>&nbsp;<\/p>\n","protected":false},"excerpt":{"rendered":"<p>Manuela Versemann Br\u00fcckenstra\u00dfe 25 21266 Jesteburg Telefon 0172-2870010 m.versemann@therapie-jesteburg.de &nbsp; Klicken Sie hier f\u00fcr eine Kartenansicht &nbsp; &nbsp; Parkpl\u00e4tze sind rund\u00a0um das Geb\u00e4ude vorhanden. Bushaltestellen sind direkt gegen\u00fcber bzw. 100 m entfernt. Der Praxiseingang ist auf der Geb\u00e4uder\u00fcckseite \u00fcber vier Treppenstufen zu erreichen. &nbsp; &nbsp;<\/p>\n","protected":false},"author":1,"featured_media":0,"parent":0,"menu_order":0,"comment_status":"closed","ping_status":"closed","template":"","meta":{"footnotes":""},"class_list":["post-24","page","type-page","status-publish","hentry"],"_links":{"self":[{"href":"https:\/\/www.therapie-jesteburg.de\/Thewpr\/index.php?rest_route=\/wp\/v2\/pages\/24","targetHints":{"allow":["GET"]}}],"collection":[{"href":"https:\/\/www.therapie-jesteburg.de\/Thewpr\/index.php?rest_route=\/wp\/v2\/pages"}],"about":[{"href":"https:\/\/www.therapie-jesteburg.de\/Thewpr\/index.php?rest_route=\/wp\/v2\/types\/page"}],"author":[{"embeddable":true,"href":"https:\/\/www.therapie-jesteburg.de\/Thewpr\/index.php?rest_route=\/wp\/v2\/users\/1"}],"replies":[{"embeddable":true,"href":"https:\/\/www.therapie-jesteburg.de\/Thewpr\/index.php?rest_route=%2Fwp%2Fv2%2Fcomments&post=24"}],"version-history":[{"count":49,"href":"https:\/\/www.therapie-jesteburg.de\/Thewpr\/index.php?rest_route=\/wp\/v2\/pages\/24\/revisions"}],"predecessor-version":[{"id":574,"href":"https:\/\/www.therapie-jesteburg.de\/Thewpr\/index.php?rest_route=\/wp\/v2\/pages\/24\/revisions\/574"}],"wp:attachment":[{"href":"https:\/\/www.therapie-jesteburg.de\/Thewpr\/index.php?rest_route=%2Fwp%2Fv2%2Fmedia&parent=24"}],"curies":[{"name":"wp","href":"https:\/\/api.w.org\/{rel}","templated":true}]}}